{"id":5307,"date":"2024-11-29T15:44:16","date_gmt":"2024-11-29T14:44:16","guid":{"rendered":"https:\/\/oldwww.aerospaceclustersweden.com\/?page_id=5307"},"modified":"2024-11-29T15:53:12","modified_gmt":"2024-11-29T14:53:12","slug":"vara-stadgar","status":"publish","type":"page","link":"https:\/\/oldwww.aerospaceclustersweden.com\/core\/om-oss\/vara-stadgar\/","title":{"rendered":"V\u00e5ra stadgar"},"content":{"rendered":"<p>&nbsp;<\/p>\n<p><img loading=\"lazy\" class=\"alignleft size-medium wp-image-5241\" src=\"https:\/\/oldwww.aerospaceclustersweden.com\/custom\/uploads\/2024\/10\/ACS-logo-1-300x154.jpg\" alt=\"\" width=\"300\" height=\"154\" srcset=\"https:\/\/oldwww.aerospaceclustersweden.com\/custom\/uploads\/2024\/10\/ACS-logo-1-300x154.jpg 300w, https:\/\/oldwww.aerospaceclustersweden.com\/custom\/uploads\/2024\/10\/ACS-logo-1-1024x527.jpg 1024w, https:\/\/oldwww.aerospaceclustersweden.com\/custom\/uploads\/2024\/10\/ACS-logo-1-768x395.jpg 768w, https:\/\/oldwww.aerospaceclustersweden.com\/custom\/uploads\/2024\/10\/ACS-logo-1-1536x790.jpg 1536w, https:\/\/oldwww.aerospaceclustersweden.com\/custom\/uploads\/2024\/10\/ACS-logo-1-2048x1053.jpg 2048w\" sizes=\"(max-width: 300px) 100vw, 300px\" \/><\/p>\n<p>H\u00e4r hittar du v\u00e5ra stadgar f\u00f6r Aerospace Cluster Sweden, ACS, ekonomisk f\u00f6rening.<br \/>\n<a href=\"https:\/\/oldwww.aerospaceclustersweden.com\/custom\/uploads\/2024\/11\/04-ACS-stadgar-registrerade-av-Bolagsverket-2020-09-01.pdf\">Ladda ner dem h\u00e4r.<\/a><\/p>\n<p>&nbsp;<\/p>\n","protected":false},"excerpt":{"rendered":"<p>&nbsp; H\u00e4r hittar du v\u00e5ra stadgar f\u00f6r Aerospace Cluster Sweden, ACS, ekonomisk f\u00f6rening. Ladda ner dem h\u00e4r. &nbsp;<\/p>\n","protected":false},"author":1,"featured_media":0,"parent":108,"menu_order":0,"comment_status":"closed","ping_status":"closed","template":"","meta":[],"_links":{"self":[{"href":"https:\/\/oldwww.aerospaceclustersweden.com\/core\/wp-json\/wp\/v2\/pages\/5307"}],"collection":[{"href":"https:\/\/oldwww.aerospaceclustersweden.com\/core\/wp-json\/wp\/v2\/pages"}],"about":[{"href":"https:\/\/oldwww.aerospaceclustersweden.com\/core\/wp-json\/wp\/v2\/types\/page"}],"author":[{"embeddable":true,"href":"https:\/\/oldwww.aerospaceclustersweden.com\/core\/wp-json\/wp\/v2\/users\/1"}],"replies":[{"embeddable":true,"href":"https:\/\/oldwww.aerospaceclustersweden.com\/core\/wp-json\/wp\/v2\/comments?post=5307"}],"version-history":[{"count":5,"href":"https:\/\/oldwww.aerospaceclustersweden.com\/core\/wp-json\/wp\/v2\/pages\/5307\/revisions"}],"predecessor-version":[{"id":5315,"href":"https:\/\/oldwww.aerospaceclustersweden.com\/core\/wp-json\/wp\/v2\/pages\/5307\/revisions\/5315"}],"up":[{"embeddable":true,"href":"https:\/\/oldwww.aerospaceclustersweden.com\/core\/wp-json\/wp\/v2\/pages\/108"}],"wp:attachment":[{"href":"https:\/\/oldwww.aerospaceclustersweden.com\/core\/wp-json\/wp\/v2\/media?parent=5307"}],"curies":[{"name":"wp","href":"https:\/\/api.w.org\/{rel}","templated":true}]}}