{"id":3379,"date":"2019-11-22T06:37:23","date_gmt":"2019-11-22T06:37:23","guid":{"rendered":"https:\/\/oldwww.aerospaceclustersweden.com\/?page_id=3379"},"modified":"2025-01-17T08:53:43","modified_gmt":"2025-01-17T07:53:43","slug":"vara-projekt","status":"publish","type":"page","link":"https:\/\/oldwww.aerospaceclustersweden.com\/core\/om-oss\/vara-projekt\/","title":{"rendered":"V\u00e5ra projekt"},"content":{"rendered":"<p>Utvecklingen av ACS verksamhet drivs normalt som projekt. Nedan hittar du kortare information om p\u00e5g\u00e5ende eller genomf\u00f6rda projekt. En viktig och \u00e5terkommande finansi\u00e4r till projekten \u00e4r den Europeiska Regionala Utvecklingsfonden men ocks\u00e5 tex regioner, kommuner och n\u00e4ringsliv. Du hittar en l\u00e4nk till de olika projektens finansi\u00e4rer nedan. Vill du veta mer om v\u00e5ra projekt s\u00e5 tveka inte att kontakta oss.<\/p>\n<h2>P\u00e5g\u00e5ende projekt<\/h2>\n<h3><strong>ACS 2026<\/strong><\/h3>\n<h4>2024-03-01 &#8211; 2027-04-30<\/h4>\n<p>Projektet tar avstamp i antagandet att det finns stora m\u00f6jligheter till \u00f6kat deltagande av svenska f\u00f6retag i den globala flygrelaterade marknaden. Denna potential, i \u00f6kat antal f\u00f6retag, plus ett h\u00e5llbarhetsinriktat arbete kommer l\u00e5ngsiktigt, f\u00f6rutom \u00f6kad svensk oms\u00e4ttning, leda till \u00f6kad innovationstakt och resiliens inom flygbranschen i Sverige och globalt.<\/p>\n<p>Arbetet i projektet kommer baseras p\u00e5 samverkan mellan olika akt\u00f6rer. Samverkan bygger p\u00e5 tillit mellan akt\u00f6rerna och denna byggs med hj\u00e4lp av aktiviteterna i delar av projektets f\u00f6reslagna arbetspaket. Andra arbetspaket syftar till att bredda kontaktbasen f\u00f6r intresserade f\u00f6retag. Det kan g\u00e4lla kontakter med andra f\u00f6retag, med akademi och\/eller andra personkategorier.<\/p>\n<p>Parterna i projektet \u00e4r spridda \u00f6ver Sverige, fr\u00e5n Kiruna i norr till Trollh\u00e4ttan i sydv\u00e4st och Link\u00f6ping i \u00f6ster. Detta ger en bra m\u00f6jlighet att f\u00e5nga och skapa intresse fr\u00e5n f\u00f6retag stora som sm\u00e5, organisationer och m\u00e4nniskor \u00f6ver hela Sverige. Parterna utg\u00f6r ocks\u00e5 de regionala noderna i Aerospace Cluster Sweden som kommer att st\u00e5 f\u00f6r projektledning och koordinering av projektets aktiviteter.<\/p>\n<p>Projektet best\u00e5r av fem aktiva arbetspaket plus ett arbetspaket f\u00f6r projektledning, administration och kommunikation.<\/p>\n<p>Projektet syftar till att korta ledtiden fr\u00e5n ide till kommersialiserad innovation inom flyg och rymdbranschen f\u00f6r att p\u00e5 s\u00e5 s\u00e4tt bidra till snabbare omst\u00e4llning. Metoden f\u00f6r att \u00e5stadkomma den kortare ledtiden \u00e4r \u00f6kad samverkan mellan inblandade akt\u00f6rer som sm\u00e5 och medelstora f\u00f6retag (SMF), stora f\u00f6retag, akademi och institut.<\/p>\n<p>Det efterstr\u00e4vade \u00f6vergripande resultatet av projektet \u00e4r att identifiera, utv\u00e4rdera och implementera arbetss\u00e4tt och processer som bidrar till \u00f6kad samverkan inom den svenska flyg- och rymdbranschen.<\/p>\n<h2>Parter i projektet<\/h2>\n<h3>Aerospace Cluster Sweden<\/h3>\n<p>Projekt\u00e4gare och projektledare.<\/p>\n<h3>Innovatum Science Park<\/h3>\n<p>Innovatum Science Park vill med utg\u00e5ngspunkt i engagemang f\u00f6r andras utveckling vara en kraft f\u00f6r n\u00e4ringslivets omst\u00e4llning. Innovatum Science Park bygger sitt arbete p\u00e5 att skapa samverkan mellan f\u00f6retag, organisationer och akademi som vill delta i arbete f\u00f6r innovation och omst\u00e4llning.<br \/>\nArbetet inom Innovatum Science Park \u00e4r uppdelat i tre utmaningsomr\u00e5den: Bl\u00e5 n\u00e4ringar, H\u00e5llbar Energi och H\u00e5llbar Industri och en startupverksamhet. Inom H\u00e5llbar Industri finns bla verksamhetsledningen f\u00f6r Produktionstekniskt Centrum (PTC) och ACS v\u00e4stra nod. Innovatum Science Park har under 10-talet \u00e5r jobbat n\u00e4ra tillverkningsindustri i V\u00e4stra G\u00f6taland med koppling till aerospace. Inom startupverksamheten har ocks\u00e5 ett antal f\u00f6retag med aerospacekoppling deltagit i Innovatums inkubator. Startupf\u00f6retag och SMF med koppling till Innovatum Science Park har varit direkt eller indirekt aktiva i tidigare Innovair-projekt.<\/p>\n<h3>Link\u00f6ping Science Park<\/h3>\n<p>Link\u00f6ping Science Park utg\u00f6r en oberoende arena f\u00f6r utvecklings- och innovationsprocesser som omfattar n\u00e4ringsliv, akademi, samh\u00e4lle och medborgare. Link\u00f6ping Science Parks roll \u00e4r att vara en marknadskompletterande akt\u00f6r som faciliterar, driver p\u00e5 och matchar bolag med varandra, offentliga sektors utmaningar och akademins spetskompetens. En viktig f\u00f6ruts\u00e4ttning f\u00f6r utvecklingen av Link\u00f6ping Science Park har varit SAAB och dess v\u00e4rldsledande satsningar inom flygindustri som f\u00e5r spillover effekter p\u00e5 hela n\u00e4ringslivet.<\/p>\n<p>Link\u00f6ping Science Park har i dagsl\u00e4get 23 anst\u00e4llda med bred kompetens inom aff\u00e4rsutveckling, kommunikation, entrepren\u00f6rskap, talangf\u00f6rs\u00f6rjning, internationalisering, AI, IoT och cybers\u00e4kerhet. Link\u00f6ping Science Park har med sitt n\u00e4tverk och sin verksamhet h\u00f6g kapacitet f\u00f6r att ta ansvar f\u00f6r att\u00a0leverera effekt och resultat som ansvarig f\u00f6r \u00d6stra Noden inom ACS.<\/p>\n<h3>Lule\u00e5 tekniska universitet<\/h3>\n<p>Lule\u00e5 tekniska universitet \u00e4r i stark tillv\u00e4xt med v\u00e4rldsledande kompetens inom flera forskningsomr\u00e5den. Vi oms\u00e4tter totalt 1,9 miljarder kronor per \u00e5r samt \u00e4r 1840 anst\u00e4llda och har 17670 studenter.<\/p>\n<p>I universitets huvudstrategier utg\u00f6r samverkan och samarbete viktiga ingredienser. Inom universitet finns en s\u00e4rskild formad organisationsstruktur, centrumbildningar, f\u00f6r n\u00e4ra samverkan mellan universitetet och externa parter inom n\u00e4ringsliv och offentlig sektor. Syftet \u00e4r att utveckla och nyttigg\u00f6ra kompetens inom ett visst verksamhetsomr\u00e5de genom forsknings- eller utvecklingsprojekt.<\/p>\n<p>Inom universitet finns ca 20 centrumbildningar, flera av dessa med kopplingar till verksamheten inom det f\u00f6reslagna projektet. Dessa \u00e4r tex:<\/p>\n<ul>\n<li><a href=\"https:\/\/eur03.safelinks.protection.outlook.com\/?url=https%3A%2F%2Fwww.ltu.se%2Fforskning%2Fcentrumbildningar-och-samarbeten%2Fcentre-for-hydrogen-energy-systems-sweden&amp;data=05%7C02%7Cleif.johansson%40innovatum.se%7C9c83d1a2a8be4e588c3208dc3371a91c%7C703a2a6312c642eba7e051dc14003e5d%7C1%7C0%7C638441810472457893%7CUnknown%7CTWFpbGZsb3d8eyJWIjoiMC4wLjAwMDAiLCJQIjoiV2luMzIiLCJBTiI6Ik1haWwiLCJXVCI6Mn0%3D%7C0%7C%7C%7C&amp;sdata=RS7CYi7kGQM6WVeStWwrLTxHO17OQwVTx3uYt5NUFr4%3D&amp;reserved=0\">Centre for Hydrogen Energy Systems Sweden<\/a><\/li>\n<li><a href=\"https:\/\/eur03.safelinks.protection.outlook.com\/?url=https%3A%2F%2Fwww.ltu.se%2Fforskning%2Fcentrumbildningar-och-samarbeten%2Fcentrum-for-rymdteknik&amp;data=05%7C02%7Cleif.johansson%40innovatum.se%7C9c83d1a2a8be4e588c3208dc3371a91c%7C703a2a6312c642eba7e051dc14003e5d%7C1%7C0%7C638441810472470627%7CUnknown%7CTWFpbGZsb3d8eyJWIjoiMC4wLjAwMDAiLCJQIjoiV2luMzIiLCJBTiI6Ik1haWwiLCJXVCI6Mn0%3D%7C0%7C%7C%7C&amp;sdata=I3J4iNzvv4LDYakMq1SFOcuCGWrEWr2m09QQueNDl7Q%3D&amp;reserved=0\">Centrum f\u00f6r rymdteknik<\/a><\/li>\n<li><a href=\"https:\/\/eur03.safelinks.protection.outlook.com\/?url=https%3A%2F%2Fwww.ltu.se%2Fforskning%2Fcentrumbildningar-och-samarbeten%2Fcentrum-for-sakerhet-i-samhalle-och-kritiska-infrastrukturer&amp;data=05%7C02%7Cleif.johansson%40innovatum.se%7C9c83d1a2a8be4e588c3208dc3371a91c%7C703a2a6312c642eba7e051dc14003e5d%7C1%7C0%7C638441810472478582%7CUnknown%7CTWFpbGZsb3d8eyJWIjoiMC4wLjAwMDAiLCJQIjoiV2luMzIiLCJBTiI6Ik1haWwiLCJXVCI6Mn0%3D%7C0%7C%7C%7C&amp;sdata=CWB51UVIzp4cv9H2TOfxzlonL7Gt%2BxwawbeoW1zgHN0%3D&amp;reserved=0\">Centrum f\u00f6r s\u00e4kerhet i samh\u00e4lle och kritiska infrastrukturer<\/a><\/li>\n<\/ul>\n<p>Lule\u00e5 Tekniska Universitet har bla genom sin centrumbildning f\u00f6r rymdteknik b\u00e5de kapacitet och kunnande g\u00e4llande flygande farkoster och bemannar den Norra noden inom ACS.<\/p>\n<p>&nbsp;<\/p>\n<p><strong>Projektet finansieras av:<\/strong><\/p>\n<p><img loading=\"lazy\" class=\"alignnone size-medium wp-image-4383\" src=\"https:\/\/oldwww.aerospaceclustersweden.com\/custom\/uploads\/2022\/04\/Vinnova_green_payoff_ENG_RGB-300x65.png\" alt=\"\" width=\"300\" height=\"65\" srcset=\"https:\/\/oldwww.aerospaceclustersweden.com\/custom\/uploads\/2022\/04\/Vinnova_green_payoff_ENG_RGB-300x65.png 300w, https:\/\/oldwww.aerospaceclustersweden.com\/custom\/uploads\/2022\/04\/Vinnova_green_payoff_ENG_RGB.png 604w\" sizes=\"(max-width: 300px) 100vw, 300px\" \/>\u00a0 \u00a0 \u00a0 \u00a0 \u00a0 \u00a0 \u00a0 \u00a0 \u00a0 \u00a0 \u00a0 \u00a0 \u00a0 \u00a0 \u00a0 \u00a0 \u00a0 \u00a0 \u00a0 \u00a0 \u00a0 \u00a0 \u00a0 \u00a0 <img src=\"https:\/\/innovair.org\/wp-content\/uploads\/2017\/08\/innovair-logo-black_lo.gif\" alt=\"INNOVAIR\" \/><\/p>\n<p>&nbsp;<\/p>\n<h2>Genomf\u00f6rda projekt<\/h2>\n<h3><strong>ACS Next Generation Aerospace<\/strong><\/h3>\n<h4>2022-03-25 &#8211; 2023-01-31<\/h4>\n<p>Projektet syftar till att korta ledtiden fr\u00e5n ide till kommersialiserad innovation inom flyg och rymdbranschen f\u00f6r att p\u00e5 s\u00e5 s\u00e4tt bidra till snabbare omst\u00e4llning. Metoden f\u00f6r att \u00e5stadkomma den kortare ledtiden \u00e4r \u00f6kad samverkan mellan inblandade akt\u00f6rer som sm\u00e5 och medelstora f\u00f6retag (SMF), stora f\u00f6retag, akademi och institut.<\/p>\n<p>Det efterstr\u00e4vade \u00f6vergripande resultatet av projektet \u00e4r att identifiera, utv\u00e4rdera och implementera arbetss\u00e4tt och processer som bidrar till \u00f6kad samverkan inom den svenska flyg- och rymdbranschen<\/p>\n<p>Projektet bygger p\u00e5 5 arbetspaket:<\/p>\n<ul>\n<li>utveckla metoder f\u00f6r genomf\u00f6rande och deltagande vid event som ger n\u00e4tverkande och exponering\/kunskap mellan f\u00f6retag.<\/li>\n<li>ta fram metoder som \u00f6kar SMFs intresse att delta i innovationsprojekt av typen SMF Flyg och p\u00e5 l\u00e4ngre sikt andra nationella och internationella innovationsprojekt.<\/li>\n<li>analysera och utv\u00e4rdera intresse och behov av systemarenor inom flyg och rymd.<\/li>\n<li>\u00f6ka kunskapen om de m\u00f6jligheter som finns med anv\u00e4ndning av satellitdata f\u00f6r positionering, kommunikation och jordobservationer.<\/li>\n<li>utreda och utveckla ACS tj\u00e4nsteerbjudande<\/li>\n<\/ul>\n<p>Aktiviteter riktade mot dessa behov kommer bidra till f\u00f6retagens m\u00f6jligheter att g\u00f6ra nya aff\u00e4rer b\u00e5de nationellt och internationellt.<\/p>\n<p><strong>Projektet finansieras av:<\/strong><\/p>\n<p><img loading=\"lazy\" class=\"alignnone size-medium wp-image-4383\" src=\"https:\/\/oldwww.aerospaceclustersweden.com\/custom\/uploads\/2022\/04\/Vinnova_green_payoff_ENG_RGB-300x65.png\" alt=\"\" width=\"300\" height=\"65\" srcset=\"https:\/\/oldwww.aerospaceclustersweden.com\/custom\/uploads\/2022\/04\/Vinnova_green_payoff_ENG_RGB-300x65.png 300w, https:\/\/oldwww.aerospaceclustersweden.com\/custom\/uploads\/2022\/04\/Vinnova_green_payoff_ENG_RGB.png 604w\" sizes=\"(max-width: 300px) 100vw, 300px\" \/><\/p>\n<h4>RIT &#8211; Rymd f\u00f6r Innovation Tillv\u00e4xt<\/h4>\n<h4>2021-2023<\/h4>\n<p>Rymd f\u00f6r Innovation Tillv\u00e4xt \u00e4r ett brett f\u00f6rankrat, n\u00e4ra partnerskap mellan akademi och industri samt offentlig sektor f\u00f6r att skapa tillv\u00e4xt och st\u00e4rka Sveriges position inom den globala rymdsektorn. Initiativet startade 2015 och innevarande projekt avslutas h\u00f6sten 2023.<\/p>\n<p>Projektet driver ett stort antal aktiviteter med det \u00f6vergripande syftet att f\u00f6renkla innovation och samarbete i rymdsektorn. Arbetet delas in i fyra omr\u00e5den:<\/p>\n<ul>\n<li>Industrin\u00e4ra forskning (R&amp;D Projects)<\/li>\n<li>Kommersialisering (Testbed Space)<\/li>\n<li>Innovationsledning (Innovation Ecosystem)<\/li>\n<li>Klusterutveckling (Aerospace Cluster Sweden)<\/li>\n<\/ul>\n<p>RIT2021 \u00e4r ett regionalt utvecklingsprojekt som drivs av Lule\u00e5 tekniska universitet, LTU Business, IRF och Arctic Business, med st\u00f6d fr\u00e5n OHB Sweden, SSC, GKN Aerospace, Region Norrbotten, Kiruna Kommun, Lule\u00e5 Kommun, Sparbanken Nord och EU.<\/p>\n<p>\u00d6ver 200 organisationer har medverkat i projektet och hundratals nya aff\u00e4rskontakter har skapats &#8211; se filmen<strong> <a href=\"https:\/\/www.youtube.com\/watch?v=XqRDGH-mxas\" target=\"_blank\" rel=\"noopener\">RIT by numbers<\/a> <\/strong>som visar det fina utfallet av projektet.<\/p>\n<p>Partners och finansi\u00e4rer f\u00f6r RIT hittar du h\u00e4r:\u00a0 <a href=\"https:\/\/eur03.safelinks.protection.outlook.com\/?url=https%3A%2F%2Fritspace.se%2Fpartners%2F&amp;data=05%7C01%7Canna.haglund%40innovatum.se%7Ca640b16244ff4908676508dad2b55b44%7C703a2a6312c642eba7e051dc14003e5d%7C1%7C0%7C638053973600954742%7CUnknown%7CTWFpbGZsb3d8eyJWIjoiMC4wLjAwMDAiLCJQIjoiV2luMzIiLCJBTiI6Ik1haWwiLCJXVCI6Mn0%3D%7C3000%7C%7C%7C&amp;sdata=CctxUrbgv73t9ObdLtsvBBzA6I6vP541wWq2HhFVar8%3D&amp;reserved=0\">Partners &#8211; RIT (ritspace.se)<\/a><\/p>\n<p>&nbsp;<\/p>\n<h3><strong>ACS Boost<\/strong><\/h3>\n<h4>2020-01-01 &#8211; 2021-12-31<\/h4>\n<p>Syftet med projektet ACS Boost \u00e4r att f\u00f6rst\u00e4rka och vidareutveckla det arbete som gjordes inom SVIFFT. Projektets arbetspaket inneh\u00e5ller aktiviteter som har tagits fram tillsammans med ACS medlemmar under ett flertal seminarier och workshops. Projektet utg\u00e5r fr\u00e5n tre principiella behov f\u00f6r att utveckla konkurrenskraften hos f\u00f6retag och organisationer inom ACS:<\/p>\n<ul>\n<li>St\u00e4rka det interna n\u00e4tverket mellan f\u00f6retag och organisationer inom Aerospace Cluster Sweden (ACS )<\/li>\n<li>\u00d6ka de externa kontaktytorna med potentiella kunder f\u00f6r ACS medlemmar, framf\u00f6rallt internationellt<\/li>\n<li>\u00d6kad f\u00f6rst\u00e5else f\u00f6r i ACS deltagande f\u00f6retag och organisationer g\u00e4llande m\u00f6jligheter och utmaningar inom \u201dh\u00e5llbart flyg\u201d och \u201dsatellitdata\u201d<\/li>\n<\/ul>\n<p>Aktiviteter riktade mot dessa behov kommer bidra till f\u00f6retagens m\u00f6jligheter att g\u00f6ra nya aff\u00e4rer b\u00e5de nationellt och internationellt.<\/p>\n<p><strong>Projektet finansieras av:<\/strong><\/p>\n<p><img loading=\"lazy\" class=\"alignleft size-medium wp-image-3769\" src=\"https:\/\/oldwww.aerospaceclustersweden.com\/custom\/uploads\/2019\/11\/Region-Norrbotten-logga-300x64.png\" alt=\"Region Norrbotten logga\" width=\"160\" height=\"45\" \/><\/p>\n<p><img loading=\"lazy\" class=\"alignleft size-medium wp-image-3770\" src=\"https:\/\/oldwww.aerospaceclustersweden.com\/custom\/uploads\/2019\/11\/TILLV-Finansiering-RGB-Bla-300x160.jpg\" alt=\"TILLV Finansiering RGB Bla\" width=\"105\" height=\"50\" \/><\/p>\n<p><img loading=\"lazy\" class=\"alignleft size-medium wp-image-3736\" src=\"https:\/\/oldwww.aerospaceclustersweden.com\/custom\/uploads\/2016\/01\/region-\u00f6sterg\u00f6tland-300x122.jpg\" alt=\"region \u00f6sterg\u00f6tland\" width=\"120\" height=\"55\" \/><\/p>\n<p><img loading=\"lazy\" class=\"alignleft size-medium wp-image-3768\" src=\"https:\/\/oldwww.aerospaceclustersweden.com\/custom\/uploads\/2019\/11\/VG-300x61.jpg\" alt=\"VG\" width=\"150\" height=\"30\" srcset=\"https:\/\/oldwww.aerospaceclustersweden.com\/custom\/uploads\/2019\/11\/VG-300x61.jpg 300w, https:\/\/oldwww.aerospaceclustersweden.com\/custom\/uploads\/2019\/11\/VG-768x156.jpg 768w, https:\/\/oldwww.aerospaceclustersweden.com\/custom\/uploads\/2019\/11\/VG.jpg 787w\" sizes=\"(max-width: 150px) 100vw, 150px\" \/><\/p>\n<p>&nbsp;<\/p>\n<h3><\/h3>\n<h3><strong>SVIFFT<\/strong><\/h3>\n<h4>2017-01-02 &#8211; 2019-12-31<\/h4>\n<p>Projektets l\u00e5ngsiktiga m\u00e5l \u00e4r att lyfta svensk Flyg- och rymdteknik till ett nationellt styrkeomr\u00e5de med h\u00f6g internationell konkurrenskraft som skapar nya aff\u00e4rer f\u00f6r en st\u00f6rre bredd av svenska f\u00f6retag \u00e4n i dagsl\u00e4get via ett nationellt \u00f6vergripande flyg- och rymdkluster. Efter projektets slut skall minst 80 f\u00f6retag och 2 universitet inom V\u00e4stra G\u00f6talandsregionen och region \u00d6sterg\u00f6tland delta i ett nationellt klustersamarbete f\u00f6r flyg- och rymdteknik. En tredjedel av dessa har vid projektets slut utvecklat nya innovationer och aff\u00e4rer med tydligt milj\u00f6fokus som resultat. Fokus \u00e4r p\u00e5 sm\u00e5 och medelstora f\u00f6retag (SMF) i samverkan med de st\u00f6rre.<\/p>\n<p>Projektteamet best\u00e5r av representanter fr\u00e5n Regionerna i \u00d6stra och V\u00e4stra Sverige och leds av Aerospace Cluster Sweden och Innovatum AB med RISE SICOMP och RISE IVF som ledare f\u00f6r produktionsarenorna f\u00f6r kompositmaterial (Compraser Labs) respektive metalliska material, (PTC, Produktionstekniskt Centrum).<\/p>\n<p>Aktiviteterna fokuserar p\u00e5 samverkan mellan f\u00f6retag och organisationer och etablering av ett nationellt flyg- och rymdkluster d\u00e4r f\u00f6retag, klusterledare och forskare vid produktionsarenorna engageras i gemensamma workshoppar, m\u00e4ssor och aff\u00e4rsprojekt och \u00a0tar forskningsresultat till marknaden. Som st\u00f6d etableras ett \u201dvirtuellt projektrum\u201d f\u00f6r effektiv samverkan \u00f6ver landet och s\u00e5 kallat \u201dSMF automationslabb\u201d p\u00e5 arenorna f\u00f6r att nyttjas av f\u00f6retag och forskare i innovationsprocesserna.<\/p>\n<p><strong>Projektet finansieras av:<\/strong><\/p>\n<p class=\"heading\"><a href=\"https:\/\/tillvaxtverket.se\/euprogram\/nationellaregionalfondsprogrammet.4.78c8919b153f0cf99ef2641.html\" rel=\"attachment wp-att-3765\"><img loading=\"lazy\" class=\"alignleft size-medium wp-image-3765\" src=\"https:\/\/oldwww.aerospaceclustersweden.com\/custom\/uploads\/2019\/11\/eu-300x122.jpg\" alt=\"eu\" width=\"110\" height=\"50\" \/><\/a><\/p>\n<p class=\"heading\"><a href=\"http:\/\/www.vgregion.se\/\"><img loading=\"lazy\" class=\"alignleft size-medium wp-image-3768\" src=\"https:\/\/oldwww.aerospaceclustersweden.com\/custom\/uploads\/2019\/11\/VG-300x61.jpg\" alt=\"VG\" width=\"150\" height=\"30\" srcset=\"https:\/\/oldwww.aerospaceclustersweden.com\/custom\/uploads\/2019\/11\/VG-300x61.jpg 300w, https:\/\/oldwww.aerospaceclustersweden.com\/custom\/uploads\/2019\/11\/VG-768x156.jpg 768w, https:\/\/oldwww.aerospaceclustersweden.com\/custom\/uploads\/2019\/11\/VG.jpg 787w\" sizes=\"(max-width: 150px) 100vw, 150px\" \/><\/a><\/p>\n<p class=\"heading\"><a href=\"http:\/\/http:\/\/www.regionostergotland.se\/\" rel=\"attachment wp-att-3736\"><img loading=\"lazy\" class=\"alignleft size-medium wp-image-3736\" src=\"https:\/\/oldwww.aerospaceclustersweden.com\/custom\/uploads\/2016\/01\/region-\u00f6sterg\u00f6tland-300x122.jpg\" alt=\"region \u00f6sterg\u00f6tland\" width=\"110\" height=\"47\" \/><\/a><\/p>\n<p class=\"heading\"><a href=\"https:\/\/www.swerea.se\/samverkan\/medlemsprogram\/compraser-labs\" rel=\"attachment wp-att-3767\"><img loading=\"lazy\" class=\"alignleft size-medium wp-image-3767\" src=\"https:\/\/oldwww.aerospaceclustersweden.com\/custom\/uploads\/2019\/11\/nedladdning-300x90.png\" alt=\"nedladdning\" width=\"150\" height=\"45\" srcset=\"https:\/\/oldwww.aerospaceclustersweden.com\/custom\/uploads\/2019\/11\/nedladdning-300x90.png 300w, https:\/\/oldwww.aerospaceclustersweden.com\/custom\/uploads\/2019\/11\/nedladdning.png 410w\" sizes=\"(max-width: 150px) 100vw, 150px\" \/><\/a><\/p>\n<p class=\"heading\"><a href=\"http:\/\/https:\/\/oldwww.aerospaceclustersweden.com\/\" rel=\"attachment wp-att-3551\"><img loading=\"lazy\" class=\"alignleft size-medium wp-image-3551\" src=\"https:\/\/oldwww.aerospaceclustersweden.com\/custom\/uploads\/2020\/02\/ACS-logo-1-300x154.jpg\" alt=\"ACS logo (1)\" width=\"100\" height=\"50\" \/><\/a><\/p>\n","protected":false},"excerpt":{"rendered":"<p>Utvecklingen av ACS verksamhet drivs normalt som projekt. Nedan hittar du kortare information om p\u00e5g\u00e5ende eller genomf\u00f6rda projekt. En viktig och \u00e5terkommande finansi\u00e4r till projekten \u00e4r den Europeiska Regionala Utvecklingsfonden men ocks\u00e5 tex regioner, kommuner och n\u00e4ringsliv. Du hittar en l\u00e4nk till de olika projektens finansi\u00e4rer nedan. Vill du veta mer om v\u00e5ra projekt s\u00e5 [&hellip;]<\/p>\n","protected":false},"author":1,"featured_media":0,"parent":108,"menu_order":3,"comment_status":"closed","ping_status":"closed","template":"templates\/simple-page.php","meta":[],"_links":{"self":[{"href":"https:\/\/oldwww.aerospaceclustersweden.com\/core\/wp-json\/wp\/v2\/pages\/3379"}],"collection":[{"href":"https:\/\/oldwww.aerospaceclustersweden.com\/core\/wp-json\/wp\/v2\/pages"}],"about":[{"href":"https:\/\/oldwww.aerospaceclustersweden.com\/core\/wp-json\/wp\/v2\/types\/page"}],"author":[{"embeddable":true,"href":"https:\/\/oldwww.aerospaceclustersweden.com\/core\/wp-json\/wp\/v2\/users\/1"}],"replies":[{"embeddable":true,"href":"https:\/\/oldwww.aerospaceclustersweden.com\/core\/wp-json\/wp\/v2\/comments?post=3379"}],"version-history":[{"count":8,"href":"https:\/\/oldwww.aerospaceclustersweden.com\/core\/wp-json\/wp\/v2\/pages\/3379\/revisions"}],"predecessor-version":[{"id":5347,"href":"https:\/\/oldwww.aerospaceclustersweden.com\/core\/wp-json\/wp\/v2\/pages\/3379\/revisions\/5347"}],"up":[{"embeddable":true,"href":"https:\/\/oldwww.aerospaceclustersweden.com\/core\/wp-json\/wp\/v2\/pages\/108"}],"wp:attachment":[{"href":"https:\/\/oldwww.aerospaceclustersweden.com\/core\/wp-json\/wp\/v2\/media?parent=3379"}],"curies":[{"name":"wp","href":"https:\/\/api.w.org\/{rel}","templated":true}]}}