{"id":3338,"date":"2019-11-14T10:56:50","date_gmt":"2019-11-14T10:56:50","guid":{"rendered":"https:\/\/oldwww.aerospaceclustersweden.com\/?page_id=3338"},"modified":"2020-10-02T09:15:15","modified_gmt":"2020-10-02T09:15:15","slug":"innovair","status":"publish","type":"page","link":"https:\/\/oldwww.aerospaceclustersweden.com\/core\/natverket-2\/innovair\/","title":{"rendered":"Innovair"},"content":{"rendered":"<p><img loading=\"lazy\" class=\"alignnone size-medium wp-image-3339\" src=\"https:\/\/oldwww.aerospaceclustersweden.com\/custom\/uploads\/2019\/11\/innovair-300x84.png\" alt=\"innovair\" width=\"300\" height=\"84\" srcset=\"https:\/\/oldwww.aerospaceclustersweden.com\/custom\/uploads\/2019\/11\/innovair-300x84.png 300w, https:\/\/oldwww.aerospaceclustersweden.com\/custom\/uploads\/2019\/11\/innovair.png 599w\" sizes=\"(max-width: 300px) 100vw, 300px\" \/><\/p>\n<p><strong>Innovair \u00e4r Sveriges nationella strategiska innovationsprogram f\u00f6r flyg.<\/strong><\/p>\n<p>Programmet samlar och st\u00f6djer olika akt\u00f6rer fr\u00e5n f\u00f6retag, universitet, h\u00f6gskolor, institut, intresseorganisationer och myndigheter verksamma inom flygteknikomr\u00e5det.<\/p>\n<p>F\u00f6r mer informatin, bes\u00f6k <a href=\"https:\/\/innovair.org\/\" target=\"_blank\">Innovairs hemsida.<\/a><\/p>\n","protected":false},"excerpt":{"rendered":"<p>Innovair \u00e4r Sveriges nationella strategiska innovationsprogram f\u00f6r flyg. Programmet samlar och st\u00f6djer olika akt\u00f6rer fr\u00e5n f\u00f6retag, universitet, h\u00f6gskolor, institut, intresseorganisationer och myndigheter verksamma inom flygteknikomr\u00e5det. F\u00f6r mer informatin, bes\u00f6k Innovairs hemsida.<\/p>\n","protected":false},"author":1,"featured_media":0,"parent":177,"menu_order":6,"comment_status":"closed","ping_status":"closed","template":"","meta":[],"_links":{"self":[{"href":"https:\/\/oldwww.aerospaceclustersweden.com\/core\/wp-json\/wp\/v2\/pages\/3338"}],"collection":[{"href":"https:\/\/oldwww.aerospaceclustersweden.com\/core\/wp-json\/wp\/v2\/pages"}],"about":[{"href":"https:\/\/oldwww.aerospaceclustersweden.com\/core\/wp-json\/wp\/v2\/types\/page"}],"author":[{"embeddable":true,"href":"https:\/\/oldwww.aerospaceclustersweden.com\/core\/wp-json\/wp\/v2\/users\/1"}],"replies":[{"embeddable":true,"href":"https:\/\/oldwww.aerospaceclustersweden.com\/core\/wp-json\/wp\/v2\/comments?post=3338"}],"version-history":[{"count":2,"href":"https:\/\/oldwww.aerospaceclustersweden.com\/core\/wp-json\/wp\/v2\/pages\/3338\/revisions"}],"predecessor-version":[{"id":3344,"href":"https:\/\/oldwww.aerospaceclustersweden.com\/core\/wp-json\/wp\/v2\/pages\/3338\/revisions\/3344"}],"up":[{"embeddable":true,"href":"https:\/\/oldwww.aerospaceclustersweden.com\/core\/wp-json\/wp\/v2\/pages\/177"}],"wp:attachment":[{"href":"https:\/\/oldwww.aerospaceclustersweden.com\/core\/wp-json\/wp\/v2\/media?parent=3338"}],"curies":[{"name":"wp","href":"https:\/\/api.w.org\/{rel}","templated":true}]}}