{"id":2372,"date":"2016-05-26T12:08:14","date_gmt":"2016-05-26T12:08:14","guid":{"rendered":"https:\/\/oldwww.aerospaceclustersweden.com\/about-us\/organisation\/?lang=en"},"modified":"2025-01-18T14:00:14","modified_gmt":"2025-01-18T13:00:14","slug":"organisation","status":"publish","type":"page","link":"https:\/\/oldwww.aerospaceclustersweden.com\/core\/about-us\/organisation\/?lang=en","title":{"rendered":"Organization"},"content":{"rendered":"<p>Aerospace Cluster Sweden has been established as a co-operative economic association in June 2016. The Swedish corporate identity number is 769632-5203.<\/p>\n<h4>Managing Director:<\/h4>\n<p>Fredrik Olofsson<\/p>\n<h4>Board:<\/h4>\n<ul>\n<li>Anna \u00d6hrwall R\u00f6nnb\u00e4ck, Lule\u00e5 tekniska universitet, Chairman<\/li>\n<li>Ann-Kristin Adolfsson, Saab AB, vice chairman<\/li>\n<li>Dag \u00c5sv\u00e4rn, Spacemetric AB<\/li>\n<li>Emma Bergmar, Beyond Gravity Sweden AB<\/li>\n<li>Karin Holmqvist, Swedish Space Corporation<\/li>\n<li>Kristian Skoogh, Saab AB<\/li>\n<li>Robert Hell, GKN Aerospace Engine Systems Sweden AB<\/li>\n<li>Sandra Nilsson, Arctic Space AB<\/li>\n<li>Yvonne Rosmark, Innovair<\/li>\n<\/ul>\n<h4>Nomination committe<strong>:<\/strong><\/h4>\n<ul>\n<li>Elin von der Lancken, Skill<\/li>\n<li>Anders Wikman, GKN Aerospace Engine Systems Sweden AB<\/li>\n<\/ul>\n<h4>Financiers<\/h4>\n<p>The base financing of the cluster activities is from:<\/p>\n<p>&nbsp;<\/p>\n<p><a href=\"https:\/\/saab.com\/\"><img loading=\"lazy\" class=\"alignleft\" src=\"https:\/\/oldwww.aerospaceclustersweden.com\/custom\/uploads\/2024\/04\/BG.jpg\" width=\"123\" height=\"36\" \/><\/a><a href=\"https:\/\/gknaerospace.com\"><img loading=\"lazy\" class=\"alignleft size-medium wp-image-3737\" src=\"https:\/\/oldwww.aerospaceclustersweden.com\/custom\/uploads\/2016\/01\/widYCXoA-300x150.jpg\" alt=\"widYCXoA\" width=\"105\" height=\"50\" \/><\/a><a href=\"https:\/\/saab.com\/\"><img loading=\"lazy\" class=\"alignleft size-medium wp-image-3734\" src=\"https:\/\/oldwww.aerospaceclustersweden.com\/custom\/uploads\/2016\/01\/saab-300x180.jpg\" alt=\"saab\" width=\"95\" height=\"50\" \/><\/a><a href=\"https:\/\/sscspace.com\/\"><img loading=\"lazy\" class=\"alignleft size-medium wp-image-3737\" src=\"https:\/\/oldwww.aerospaceclustersweden.com\/custom\/uploads\/2021\/06\/ssc-swedish-space-corporation-vector-logo-300x167.png\" alt=\"\" width=\"90\" height=\"50\" \/><\/a><\/p>\n<p>&nbsp;<\/p>\n<p>&nbsp;<\/p>\n","protected":false},"excerpt":{"rendered":"<p>Aerospace Cluster Sweden has been established as a co-operative economic association in June 2016. The Swedish corporate identity number is 769632-5203. Managing Director: Fredrik Olofsson Board: Anna \u00d6hrwall R\u00f6nnb\u00e4ck, Lule\u00e5 tekniska universitet, Chairman Ann-Kristin Adolfsson, Saab AB, vice chairman Dag \u00c5sv\u00e4rn, Spacemetric AB Emma Bergmar, Beyond Gravity Sweden AB Karin Holmqvist, Swedish Space Corporation Kristian [&hellip;]<\/p>\n","protected":false},"author":1,"featured_media":0,"parent":2361,"menu_order":3,"comment_status":"closed","ping_status":"closed","template":"","meta":[],"_links":{"self":[{"href":"https:\/\/oldwww.aerospaceclustersweden.com\/core\/wp-json\/wp\/v2\/pages\/2372"}],"collection":[{"href":"https:\/\/oldwww.aerospaceclustersweden.com\/core\/wp-json\/wp\/v2\/pages"}],"about":[{"href":"https:\/\/oldwww.aerospaceclustersweden.com\/core\/wp-json\/wp\/v2\/types\/page"}],"author":[{"embeddable":true,"href":"https:\/\/oldwww.aerospaceclustersweden.com\/core\/wp-json\/wp\/v2\/users\/1"}],"replies":[{"embeddable":true,"href":"https:\/\/oldwww.aerospaceclustersweden.com\/core\/wp-json\/wp\/v2\/comments?post=2372"}],"version-history":[{"count":6,"href":"https:\/\/oldwww.aerospaceclustersweden.com\/core\/wp-json\/wp\/v2\/pages\/2372\/revisions"}],"predecessor-version":[{"id":5349,"href":"https:\/\/oldwww.aerospaceclustersweden.com\/core\/wp-json\/wp\/v2\/pages\/2372\/revisions\/5349"}],"up":[{"embeddable":true,"href":"https:\/\/oldwww.aerospaceclustersweden.com\/core\/wp-json\/wp\/v2\/pages\/2361"}],"wp:attachment":[{"href":"https:\/\/oldwww.aerospaceclustersweden.com\/core\/wp-json\/wp\/v2\/media?parent=2372"}],"curies":[{"name":"wp","href":"https:\/\/api.w.org\/{rel}","templated":true}]}}