{"id":2192,"date":"2016-04-29T14:12:39","date_gmt":"2016-04-29T14:12:39","guid":{"rendered":"http:\/\/acs-aero.com\/?page_id=2192"},"modified":"2020-10-02T09:15:02","modified_gmt":"2020-10-02T09:15:02","slug":"i-fokus","status":"publish","type":"page","link":"https:\/\/oldwww.aerospaceclustersweden.com\/core\/natverket-2\/i-fokus\/","title":{"rendered":"EACP"},"content":{"rendered":"<p><img loading=\"lazy\" class=\"alignnone size-medium wp-image-3342\" src=\"https:\/\/oldwww.aerospaceclustersweden.com\/custom\/uploads\/2016\/04\/eacp_logo_2017_rgb-300x121.png\" alt=\"eacp_logo_2017_rgb\" width=\"300\" height=\"121\" srcset=\"https:\/\/oldwww.aerospaceclustersweden.com\/custom\/uploads\/2016\/04\/eacp_logo_2017_rgb-300x121.png 300w, https:\/\/oldwww.aerospaceclustersweden.com\/custom\/uploads\/2016\/04\/eacp_logo_2017_rgb.png 355w\" sizes=\"(max-width: 300px) 100vw, 300px\" \/><\/p>\n<p>Vi \u00e4r stolta och glada \u00f6ver att vara Nordens enda formaliserade kluster f\u00f6r flyg och rymd. Sedan september 2015 \u00e4r vi \u00e4r ocks\u00e5 medlemmar i European Aerospace Cluster Partnership (EACP), vilket verkligen placerar oss p\u00e5 den Europeiska flyg- och rymdklusterkartan.<\/p>\n<p>EACP \u00e4r en starkt samlande kraft f\u00f6r Europas flygande industrier, inte minst som kontaktyta mot EU i flyg- och rymdrelaterade fr\u00e5gor.<\/p>\n<p>Medlemskapet i EACP ger oss m\u00f6jlighet till \u00f6msesidigt utbyte av kunskap och samarbeten p\u00e5 h\u00f6gsta internationella klusterniv\u00e5. Genom EACP f\u00e5r vi tillg\u00e5ng till ett n\u00e4tverk best\u00e5ende av drygt 4\u00a0300 f\u00f6retag, 430 forskningsinstitut och mer \u00e4n 125 administrativa organ, som p\u00e5 olika s\u00e4tt \u00e4r aktiva inom flyg och rymd. I dagsl\u00e4get ing\u00e5r\u00a042 kluster fr\u00e5n 17 europeiska l\u00e4nder i EACP.<\/p>\n<p>EACP \u00e4r en oerh\u00f6rt viktig bro ut mot \u00f6vriga Europa. En fantastisk k\u00e4lla till branschkunskap och kontakter, f\u00f6r oss och framf\u00f6rallt &#8211; f\u00f6r alla v\u00e5ra medlemmar.<\/p>\n<p>&nbsp;<\/p>\n<p>F\u00f6r mer information, <a href=\"http:\/\/www.eacp-aero.eu\/\" target=\"_blank\">bes\u00f6k EACP&#8217;s hemsida.<\/a><\/p>\n","protected":false},"excerpt":{"rendered":"<p>Vi \u00e4r stolta och glada \u00f6ver att vara Nordens enda formaliserade kluster f\u00f6r flyg och rymd. Sedan september 2015 \u00e4r vi \u00e4r ocks\u00e5 medlemmar i European Aerospace Cluster Partnership (EACP), vilket verkligen placerar oss p\u00e5 den Europeiska flyg- och rymdklusterkartan. EACP \u00e4r en starkt samlande kraft f\u00f6r Europas flygande industrier, inte minst som kontaktyta mot [&hellip;]<\/p>\n","protected":false},"author":1,"featured_media":0,"parent":177,"menu_order":5,"comment_status":"closed","ping_status":"closed","template":"","meta":[],"_links":{"self":[{"href":"https:\/\/oldwww.aerospaceclustersweden.com\/core\/wp-json\/wp\/v2\/pages\/2192"}],"collection":[{"href":"https:\/\/oldwww.aerospaceclustersweden.com\/core\/wp-json\/wp\/v2\/pages"}],"about":[{"href":"https:\/\/oldwww.aerospaceclustersweden.com\/core\/wp-json\/wp\/v2\/types\/page"}],"author":[{"embeddable":true,"href":"https:\/\/oldwww.aerospaceclustersweden.com\/core\/wp-json\/wp\/v2\/users\/1"}],"replies":[{"embeddable":true,"href":"https:\/\/oldwww.aerospaceclustersweden.com\/core\/wp-json\/wp\/v2\/comments?post=2192"}],"version-history":[{"count":7,"href":"https:\/\/oldwww.aerospaceclustersweden.com\/core\/wp-json\/wp\/v2\/pages\/2192\/revisions"}],"predecessor-version":[{"id":3343,"href":"https:\/\/oldwww.aerospaceclustersweden.com\/core\/wp-json\/wp\/v2\/pages\/2192\/revisions\/3343"}],"up":[{"embeddable":true,"href":"https:\/\/oldwww.aerospaceclustersweden.com\/core\/wp-json\/wp\/v2\/pages\/177"}],"wp:attachment":[{"href":"https:\/\/oldwww.aerospaceclustersweden.com\/core\/wp-json\/wp\/v2\/media?parent=2192"}],"curies":[{"name":"wp","href":"https:\/\/api.w.org\/{rel}","templated":true}]}}