{"id":2158,"date":"2016-04-22T14:53:07","date_gmt":"2016-04-22T14:53:07","guid":{"rendered":"http:\/\/acs-aero.com\/?page_id=2158"},"modified":"2019-12-17T13:46:38","modified_gmt":"2019-12-17T13:46:38","slug":"bakgrund","status":"publish","type":"page","link":"https:\/\/oldwww.aerospaceclustersweden.com\/core\/om-oss\/bakgrund\/","title":{"rendered":"Bakgrund"},"content":{"rendered":"<p>Kombinationen av 100 \u00e5rs flygtradition, v\u00e4rldsledande produktion och spirande teknisk innovation ger v\u00e5r region fantastiska m\u00f6jligheter till fortsatt framg\u00e5ng. Flyg- och rymdbranschen st\u00e5r inf\u00f6r stora f\u00f6r\u00e4ndringar. Det enda s\u00e4ttet att fortsatt leda utvecklingen, s\u00e5v\u00e4l nationellt som internationellt, \u00e4r att dela med oss av v\u00e5r kunskap, v\u00e5ra marknader och aff\u00e4rer.<\/p>\n<p>Link\u00f6pings kommun valde \u00e5r 2010 att ta epitetet Link\u00f6ping \u2013 Sveriges flyghuvudstad. F\u00f6r att f\u00f6rst\u00e4rka detta beslutade sig kommunen med Nulink, (N\u00e4ringslivsutveckling i Link\u00f6ping) i spetsen f\u00f6r att starta ett projekt med m\u00e5let att formalisera ett svenskt flygkluster. Projektet startade h\u00f6sten 2013 och klustret d\u00f6ptes till Aerospace Cluster Sweden, (ACS).<\/p>\n<p>Vi \u00e4r idag Nordens enda formaliserade kluster inom flyg och rymd, dessutom \u00e4r vi medlemmar i den Europeiska klusterorganisationen EACP. Vi tar del i arbetet med en ny svensk flygstrategi och v\u00e5r r\u00f6st h\u00f6rs allt starkare i olika nationella och internationella forum. Genom satsningar p\u00e5 gemensamt aff\u00e4rsskapande och tv\u00e4rvetenskaplig utveckling skapar vi \u2013 tillsammans med v\u00e5ra medlemmar \u2013 m\u00f6jligheten att ytterligare lyfta regionens och Sveriges position inom flyg och rymd.<\/p>\n<p>&nbsp;<\/p>\n<p>Den 20:e september 2018 blev Aerospace Cluster Sweden &#8221;Bronze Label&#8221; certifierade.<\/p>\n<p><img loading=\"lazy\" class=\"alignnone size-medium wp-image-3455\" src=\"https:\/\/oldwww.aerospaceclustersweden.com\/custom\/uploads\/2016\/04\/png-bronze-300x117.jpg\" alt=\"png bronze\" width=\"300\" height=\"117\" srcset=\"https:\/\/oldwww.aerospaceclustersweden.com\/custom\/uploads\/2016\/04\/png-bronze-300x117.jpg 300w, https:\/\/oldwww.aerospaceclustersweden.com\/custom\/uploads\/2016\/04\/png-bronze-768x300.jpg 768w, https:\/\/oldwww.aerospaceclustersweden.com\/custom\/uploads\/2016\/04\/png-bronze-1024x400.jpg 1024w, https:\/\/oldwww.aerospaceclustersweden.com\/custom\/uploads\/2016\/04\/png-bronze.jpg 1508w\" sizes=\"(max-width: 300px) 100vw, 300px\" \/><\/p>\n<p><a href=\"https:\/\/oldwww.aerospaceclustersweden.com\/custom\/uploads\/2019\/12\/ACS_Bronze-Label-Certificate.pdf\" target=\"_blank\">Klicka h\u00e4r f\u00f6r att se v\u00e5rat certifikat<\/a>.<\/p>\n","protected":false},"excerpt":{"rendered":"<p>Kombinationen av 100 \u00e5rs flygtradition, v\u00e4rldsledande produktion och spirande teknisk innovation ger v\u00e5r region fantastiska m\u00f6jligheter till fortsatt framg\u00e5ng. Flyg- och rymdbranschen st\u00e5r inf\u00f6r stora f\u00f6r\u00e4ndringar. Det enda s\u00e4ttet att fortsatt leda utvecklingen, s\u00e5v\u00e4l nationellt som internationellt, \u00e4r att dela med oss av v\u00e5r kunskap, v\u00e5ra marknader och aff\u00e4rer. Link\u00f6pings kommun valde \u00e5r 2010 att [&hellip;]<\/p>\n","protected":false},"author":1,"featured_media":0,"parent":108,"menu_order":5,"comment_status":"closed","ping_status":"closed","template":"","meta":[],"_links":{"self":[{"href":"https:\/\/oldwww.aerospaceclustersweden.com\/core\/wp-json\/wp\/v2\/pages\/2158"}],"collection":[{"href":"https:\/\/oldwww.aerospaceclustersweden.com\/core\/wp-json\/wp\/v2\/pages"}],"about":[{"href":"https:\/\/oldwww.aerospaceclustersweden.com\/core\/wp-json\/wp\/v2\/types\/page"}],"author":[{"embeddable":true,"href":"https:\/\/oldwww.aerospaceclustersweden.com\/core\/wp-json\/wp\/v2\/users\/1"}],"replies":[{"embeddable":true,"href":"https:\/\/oldwww.aerospaceclustersweden.com\/core\/wp-json\/wp\/v2\/comments?post=2158"}],"version-history":[{"count":5,"href":"https:\/\/oldwww.aerospaceclustersweden.com\/core\/wp-json\/wp\/v2\/pages\/2158\/revisions"}],"predecessor-version":[{"id":3457,"href":"https:\/\/oldwww.aerospaceclustersweden.com\/core\/wp-json\/wp\/v2\/pages\/2158\/revisions\/3457"}],"up":[{"embeddable":true,"href":"https:\/\/oldwww.aerospaceclustersweden.com\/core\/wp-json\/wp\/v2\/pages\/108"}],"wp:attachment":[{"href":"https:\/\/oldwww.aerospaceclustersweden.com\/core\/wp-json\/wp\/v2\/media?parent=2158"}],"curies":[{"name":"wp","href":"https:\/\/api.w.org\/{rel}","templated":true}]}}