{"id":2156,"date":"2016-04-22T14:52:49","date_gmt":"2016-04-22T14:52:49","guid":{"rendered":"http:\/\/acs-aero.com\/?page_id=2156"},"modified":"2025-01-18T14:00:00","modified_gmt":"2025-01-18T13:00:00","slug":"organisation","status":"publish","type":"page","link":"https:\/\/oldwww.aerospaceclustersweden.com\/core\/om-oss\/organisation\/","title":{"rendered":"Organisation"},"content":{"rendered":"<p>Aerospace Cluster Sweden \u00e4r sedan juni 2016 en ekonomisk f\u00f6rening med organisationsnummer 769632-5203.<\/p>\n<p><strong>Verkst\u00e4llande direkt\u00f6r<\/strong><br \/>\nFredrik Olofsson<\/p>\n<p><strong>Styrelse<\/strong><\/p>\n<ul>\n<li>Anna \u00d6hrwall R\u00f6nnb\u00e4ck, Lule\u00e5 tekniska universitet, ordf\u00f6rande<\/li>\n<li>Ann-Kristin Adolfsson, Saab AB, vice ordf\u00f6rande<\/li>\n<li>Dag \u00c5sv\u00e4rn, Spacemetric AB<\/li>\n<li>Emma Bergmar, Beyond Gravity Sweden AB<\/li>\n<li>Karin Holmqvist, Swedish Space Corporation<\/li>\n<li>Kristian Skoogh, Saab AB<\/li>\n<li>Robert Hell, GKN Aerospace Engine Systems Sweden AB<\/li>\n<li>Sandra Nilsson, Arctic Space AB<\/li>\n<li>Yvonne Rosmark, Innovair<\/li>\n<\/ul>\n<p><strong>Valberedning<\/strong><\/p>\n<ul>\n<li>Elin von der Lancken, Skill<\/li>\n<li>Anders Wikman, GKN Aerospace Engine Systems Sweden AB<\/li>\n<\/ul>\n<p><strong>Finansi\u00e4rer<\/strong><br \/>\nBasfinansi\u00e4rer av klusterverksamheten \u00e4r v\u00e5ra fyra partnerf\u00f6retag Beyond Gravity, GKN Aerospace, Saab, SSC och ett sextiotal medlemsf\u00f6retag.<\/p>\n<p><a href=\"https:\/\/saab.com\/\"><img loading=\"lazy\" class=\"alignleft\" src=\"https:\/\/oldwww.aerospaceclustersweden.com\/custom\/uploads\/2024\/04\/BG.jpg\" width=\"123\" height=\"36\" \/><\/a><a href=\"https:\/\/gknaerospace.com\"><img loading=\"lazy\" class=\"alignleft size-medium wp-image-3737\" src=\"https:\/\/oldwww.aerospaceclustersweden.com\/custom\/uploads\/2016\/01\/widYCXoA-300x150.jpg\" alt=\"widYCXoA\" width=\"105\" height=\"50\" \/><\/a><a href=\"https:\/\/saab.com\/\"><img loading=\"lazy\" class=\"alignleft size-medium wp-image-3734\" src=\"https:\/\/oldwww.aerospaceclustersweden.com\/custom\/uploads\/2016\/01\/saab-300x180.jpg\" alt=\"saab\" width=\"95\" height=\"50\" \/><\/a><a href=\"https:\/\/sscspace.com\/\"><img loading=\"lazy\" class=\"alignleft size-medium wp-image-3737\" src=\"https:\/\/oldwww.aerospaceclustersweden.com\/custom\/uploads\/2021\/06\/ssc-swedish-space-corporation-vector-logo-300x167.png\" alt=\"\" width=\"90\" height=\"50\" \/><\/a><\/p>\n","protected":false},"excerpt":{"rendered":"<p>Aerospace Cluster Sweden \u00e4r sedan juni 2016 en ekonomisk f\u00f6rening med organisationsnummer 769632-5203. Verkst\u00e4llande direkt\u00f6r Fredrik Olofsson Styrelse Anna \u00d6hrwall R\u00f6nnb\u00e4ck, Lule\u00e5 tekniska universitet, ordf\u00f6rande Ann-Kristin Adolfsson, Saab AB, vice ordf\u00f6rande Dag \u00c5sv\u00e4rn, Spacemetric AB Emma Bergmar, Beyond Gravity Sweden AB Karin Holmqvist, Swedish Space Corporation Kristian Skoogh, Saab AB Robert Hell, GKN Aerospace Engine [&hellip;]<\/p>\n","protected":false},"author":1,"featured_media":5123,"parent":108,"menu_order":3,"comment_status":"closed","ping_status":"closed","template":"","meta":[],"_links":{"self":[{"href":"https:\/\/oldwww.aerospaceclustersweden.com\/core\/wp-json\/wp\/v2\/pages\/2156"}],"collection":[{"href":"https:\/\/oldwww.aerospaceclustersweden.com\/core\/wp-json\/wp\/v2\/pages"}],"about":[{"href":"https:\/\/oldwww.aerospaceclustersweden.com\/core\/wp-json\/wp\/v2\/types\/page"}],"author":[{"embeddable":true,"href":"https:\/\/oldwww.aerospaceclustersweden.com\/core\/wp-json\/wp\/v2\/users\/1"}],"replies":[{"embeddable":true,"href":"https:\/\/oldwww.aerospaceclustersweden.com\/core\/wp-json\/wp\/v2\/comments?post=2156"}],"version-history":[{"count":10,"href":"https:\/\/oldwww.aerospaceclustersweden.com\/core\/wp-json\/wp\/v2\/pages\/2156\/revisions"}],"predecessor-version":[{"id":5348,"href":"https:\/\/oldwww.aerospaceclustersweden.com\/core\/wp-json\/wp\/v2\/pages\/2156\/revisions\/5348"}],"up":[{"embeddable":true,"href":"https:\/\/oldwww.aerospaceclustersweden.com\/core\/wp-json\/wp\/v2\/pages\/108"}],"wp:featuredmedia":[{"embeddable":true,"href":"https:\/\/oldwww.aerospaceclustersweden.com\/core\/wp-json\/wp\/v2\/media\/5123"}],"wp:attachment":[{"href":"https:\/\/oldwww.aerospaceclustersweden.com\/core\/wp-json\/wp\/v2\/media?parent=2156"}],"curies":[{"name":"wp","href":"https:\/\/api.w.org\/{rel}","templated":true}]}}