{"id":177,"date":"2016-01-19T08:06:52","date_gmt":"2016-01-19T08:06:52","guid":{"rendered":"http:\/\/acs-aero.com\/?page_id=177"},"modified":"2025-02-07T08:55:44","modified_gmt":"2025-02-07T07:55:44","slug":"natverket-2","status":"publish","type":"page","link":"https:\/\/oldwww.aerospaceclustersweden.com\/core\/natverket-2\/","title":{"rendered":"N\u00e4tverket"},"content":{"rendered":"<p>V\u00e5rt medlemsn\u00e4tverk best\u00e5r av allt fr\u00e5n skruvtillverkare och ber\u00e4kningstekniker till innovat\u00f6rer, flygoperat\u00f6rer och rymdforskare.<\/p>\n<p>Nedan finner du en gammal lista med exempel p\u00e5 medlemmar genom tiderna. Den kommer att uppdateras under v\u00e5ren 2025.<\/p>\n","protected":false},"excerpt":{"rendered":"<p>V\u00e5rt medlemsn\u00e4tverk best\u00e5r av allt fr\u00e5n skruvtillverkare och ber\u00e4kningstekniker till innovat\u00f6rer, flygoperat\u00f6rer och rymdforskare. Nedan finner du en gammal lista med exempel p\u00e5 medlemmar genom tiderna. Den kommer att uppdateras under v\u00e5ren 2025.<\/p>\n","protected":false},"author":1,"featured_media":0,"parent":0,"menu_order":1,"comment_status":"closed","ping_status":"closed","template":"templates\/member.php","meta":[],"_links":{"self":[{"href":"https:\/\/oldwww.aerospaceclustersweden.com\/core\/wp-json\/wp\/v2\/pages\/177"}],"collection":[{"href":"https:\/\/oldwww.aerospaceclustersweden.com\/core\/wp-json\/wp\/v2\/pages"}],"about":[{"href":"https:\/\/oldwww.aerospaceclustersweden.com\/core\/wp-json\/wp\/v2\/types\/page"}],"author":[{"embeddable":true,"href":"https:\/\/oldwww.aerospaceclustersweden.com\/core\/wp-json\/wp\/v2\/users\/1"}],"replies":[{"embeddable":true,"href":"https:\/\/oldwww.aerospaceclustersweden.com\/core\/wp-json\/wp\/v2\/comments?post=177"}],"version-history":[{"count":5,"href":"https:\/\/oldwww.aerospaceclustersweden.com\/core\/wp-json\/wp\/v2\/pages\/177\/revisions"}],"predecessor-version":[{"id":5364,"href":"https:\/\/oldwww.aerospaceclustersweden.com\/core\/wp-json\/wp\/v2\/pages\/177\/revisions\/5364"}],"wp:attachment":[{"href":"https:\/\/oldwww.aerospaceclustersweden.com\/core\/wp-json\/wp\/v2\/media?parent=177"}],"curies":[{"name":"wp","href":"https:\/\/api.w.org\/{rel}","templated":true}]}}