{"id":128,"date":"2016-01-13T15:52:37","date_gmt":"2016-01-13T15:52:37","guid":{"rendered":"http:\/\/acs-aero.com\/?page_id=128"},"modified":"2021-06-22T14:10:13","modified_gmt":"2021-06-22T14:10:13","slug":"aktiviteter","status":"publish","type":"page","link":"https:\/\/oldwww.aerospaceclustersweden.com\/core\/aktiviteter\/","title":{"rendered":"P\u00e5 g\u00e5ng"},"content":{"rendered":"<p>Ta del av f\u00f6rel\u00e4sningar, m\u00e4ssor och id\u00e9er. Kom p\u00e5 informativ lunch och l\u00e4r k\u00e4nna v\u00e5rt m\u00e5ngsidiga, flygande n\u00e4tverk. ACS samlingar sker p\u00e5 olika st\u00e4llen, ofta tr\u00e4ffas vi personligen men vi \u00e4gnar oss ocks\u00e5 \u00e5t digitalt n\u00e4tverkande. Gemensamt f\u00f6r v\u00e5ra sammankomster, event och evenemang \u00e4r att de \u00e4ger rum inom det m\u00f6tesforum vi kallar Airtime Arena. H\u00e4r tipsar vi ocks\u00e5 om andra akt\u00f6rers evenemang och aktiviteter som \u00e4r relevanta f\u00f6r ACS medlemmar.<\/p>\n<h3>Kommande aktiviteter<\/h3>\n","protected":false},"excerpt":{"rendered":"<p>Ta del av f\u00f6rel\u00e4sningar, m\u00e4ssor och id\u00e9er. Kom p\u00e5 informativ lunch och l\u00e4r k\u00e4nna v\u00e5rt m\u00e5ngsidiga, flygande n\u00e4tverk. ACS samlingar sker p\u00e5 olika st\u00e4llen, ofta tr\u00e4ffas vi personligen men vi \u00e4gnar oss ocks\u00e5 \u00e5t digitalt n\u00e4tverkande. Gemensamt f\u00f6r v\u00e5ra sammankomster, event och evenemang \u00e4r att de \u00e4ger rum inom det m\u00f6tesforum vi kallar Airtime Arena. [&hellip;]<\/p>\n","protected":false},"author":1,"featured_media":0,"parent":0,"menu_order":2,"comment_status":"closed","ping_status":"closed","template":"templates\/activities.php","meta":[],"_links":{"self":[{"href":"https:\/\/oldwww.aerospaceclustersweden.com\/core\/wp-json\/wp\/v2\/pages\/128"}],"collection":[{"href":"https:\/\/oldwww.aerospaceclustersweden.com\/core\/wp-json\/wp\/v2\/pages"}],"about":[{"href":"https:\/\/oldwww.aerospaceclustersweden.com\/core\/wp-json\/wp\/v2\/types\/page"}],"author":[{"embeddable":true,"href":"https:\/\/oldwww.aerospaceclustersweden.com\/core\/wp-json\/wp\/v2\/users\/1"}],"replies":[{"embeddable":true,"href":"https:\/\/oldwww.aerospaceclustersweden.com\/core\/wp-json\/wp\/v2\/comments?post=128"}],"version-history":[{"count":7,"href":"https:\/\/oldwww.aerospaceclustersweden.com\/core\/wp-json\/wp\/v2\/pages\/128\/revisions"}],"predecessor-version":[{"id":4016,"href":"https:\/\/oldwww.aerospaceclustersweden.com\/core\/wp-json\/wp\/v2\/pages\/128\/revisions\/4016"}],"wp:attachment":[{"href":"https:\/\/oldwww.aerospaceclustersweden.com\/core\/wp-json\/wp\/v2\/media?parent=128"}],"curies":[{"name":"wp","href":"https:\/\/api.w.org\/{rel}","templated":true}]}}