{"id":108,"date":"2016-01-13T15:43:21","date_gmt":"2016-01-13T15:43:21","guid":{"rendered":"http:\/\/acs-aero.com\/?page_id=108"},"modified":"2021-05-27T06:08:50","modified_gmt":"2021-05-27T06:08:50","slug":"om-oss","status":"publish","type":"page","link":"https:\/\/oldwww.aerospaceclustersweden.com\/core\/om-oss\/","title":{"rendered":"Om oss"},"content":{"rendered":"<div style=\"padding: 56.25% 0 0 0; position: relative;\"><iframe loading=\"lazy\" style=\"position: absolute; top: 0; left: 0; width: 100%; height: 100%;\" title=\"Aerospace Cluster Sweden\" src=\"https:\/\/player.vimeo.com\/video\/518226544\" width=\"300\" height=\"150\" frameborder=\"0\" allowfullscreen=\"allowfullscreen\"><\/iframe><\/div>\n<p><script src=\"https:\/\/player.vimeo.com\/api\/player.js\"><\/script><\/p>\n<h4 style=\"text-align: left;\"><\/h4>\n<h4 style=\"text-align: left;\">Aerospace Cluster Sweden \u00e4r det sj\u00e4lvklara n\u00e4tverket och den samlande kraften f\u00f6r alla som \u00e4r professionellt engagerade inom flyg- och rymdbranschen. Genom v\u00e5ra m\u00f6tesplatser skapar vi l\u00e4ge f\u00f6r aff\u00e4rer, innovation och tillv\u00e4xt. I v\u00e5r Airtime Arena erbjuder vi s\u00e4ndningstid f\u00f6r alla som vill g\u00f6ra sin r\u00f6st h\u00f6rd i flyg- och rymdrelaterade fr\u00e5gor.<\/h4>\n<p>Samverkan f\u00f6der framg\u00e5ng. V\u00e5rt n\u00e4tverk f\u00f6renar en m\u00e4ngd olika akt\u00f6rer och id\u00e9er och underl\u00e4ttar aff\u00e4rsskapande. Ut\u00f6ver att finnas f\u00f6r v\u00e5ra medlemmars b\u00e4sta, prioriterar vi f\u00f6ljande omr\u00e5den:<\/p>\n<ul>\n<li><strong>Internationalisering<\/strong><br \/>\nV\u00e5rt geografiska l\u00e4ge sjuder av flygande tradition och innovation. Vi utg\u00e5r h\u00e4rifr\u00e5n, men skapar aff\u00e4rsl\u00e4gen s\u00e5v\u00e4l lokalt som globalt. F\u00f6r att ligga i framkant inom flyg- och rymdrelaterade fr\u00e5gor m\u00e5ste vi t\u00e4nka och agera internationellt.<\/li>\n<li><strong>Kompetensf\u00f6rs\u00f6rjning<\/strong><br \/>\nAtt ha tillg\u00e5ng till r\u00e4tt kompetens \u00e4r en utmaning f\u00f6r m\u00e5nga expansiva f\u00f6retag. V\u00e5rt n\u00e4tverk attraherar morgondagens talanger inom flyg och rymd. Hit s\u00f6ker sig de som jobbar eller pluggar inom flyg och rymd \u2013 hit s\u00f6ker sig de som vill leda utvecklingen.<\/li>\n<li><strong>M\u00f6jlighet att p\u00e5verka<\/strong><br \/>\nTillsammans representerar v\u00e5ra medlemmar en oerh\u00f6rt bred kompetens inom fr\u00e5gor som r\u00f6r flyg och rymd. Med en samlat \u00f6ra mot omv\u00e4rlden och med en gemensam r\u00f6st i debatter och forum har v\u00e5rt kluster stor m\u00f6jlighet att p\u00e5verka.<\/li>\n<\/ul>\n<p>&nbsp;<\/p>\n<hr \/>\n<p>&nbsp;<\/p>\n<p style=\"text-align: left;\">A great thank you to those who have contributed material to the film:<br \/>\n<a href=\"http:\/\/www.aitumea.se\/sv\/startsida.htm\" target=\"_blank\">AIT<\/a>\u00a0&#8211;\u00a0<a href=\"https:\/\/carmenta.com\/en\/\" target=\"_blank\">Carmenta<\/a>\u00a0&#8211;\u00a0<a href=\"https:\/\/www.gknaerospace.com\/en\/about-gkn-aerospace\/locations\/gkn-aerospace-in-europe\/gkn-aerospace-in-sweden\/\" target=\"_blank\">GKN Aerospace<\/a>\/<a href=\"https:\/\/www.ariane.group\/en\/\" target=\"_blank\">arianeGROUP<\/a>\u00a0&#8211;\u00a0<a href=\"https:\/\/www.googleadservices.com\/pagead\/aclk?sa=L&amp;ai=DChcSEwiFpbD4uK_wAhWyEnsKHbwyDPwYABAAGgJsZQ&amp;ae=2&amp;ohost=www.google.com&amp;cid=CAESQOD2t1QTRJaZjteBU--DWLaZDKnpwzCWCkNxguI32KfTJVuVX_R56-cqlvbdIMvBbiu2Cn32SRepn0QuB-ASzbk&amp;sig=AOD64_0nhG5t_puYnICkzpNFPtzhSeoF6g&amp;q&amp;adurl&amp;ved=2ahUKEwid4qj4uK_wAhXikYsKHV5tAzEQ0Qx6BAgCEAE\" target=\"_blank\">Quintus Technologies<br \/>\n<\/a><a href=\"https:\/\/www.saab.com\/\" target=\"_blank\">SAAB<\/a>\u00a0&#8211;\u00a0<a href=\"https:\/\/sscspace.com\/\" target=\"_blank\">Swedish Space Coporation (SSC)<\/a>\u00a0&#8211;\u00a0<a href=\"https:\/\/telair.com\/\" target=\"_blank\">Telair<\/a>\u00a0&#8211;\u00a0<a href=\"https:\/\/www.tooltec.se\/\" target=\"_blank\">Tooltec<\/a><\/p>\n<p style=\"text-align: left;\"><em>En nedkortad verison av filmen finns\u00a0<a href=\"https:\/\/vimeo.com\/545914376\" target=\"_blank\">h\u00e4r<\/a>.<\/em><\/p>\n","protected":false},"excerpt":{"rendered":"<p>Aerospace Cluster Sweden \u00e4r det sj\u00e4lvklara n\u00e4tverket och den samlande kraften f\u00f6r alla som \u00e4r professionellt engagerade inom flyg- och rymdbranschen. Genom v\u00e5ra m\u00f6tesplatser skapar vi l\u00e4ge f\u00f6r aff\u00e4rer, innovation och tillv\u00e4xt. I v\u00e5r Airtime Arena erbjuder vi s\u00e4ndningstid f\u00f6r alla som vill g\u00f6ra sin r\u00f6st h\u00f6rd i flyg- och rymdrelaterade fr\u00e5gor. Samverkan f\u00f6der framg\u00e5ng. [&hellip;]<\/p>\n","protected":false},"author":1,"featured_media":0,"parent":0,"menu_order":1,"comment_status":"closed","ping_status":"closed","template":"templates\/simple-page.php","meta":[],"_links":{"self":[{"href":"https:\/\/oldwww.aerospaceclustersweden.com\/core\/wp-json\/wp\/v2\/pages\/108"}],"collection":[{"href":"https:\/\/oldwww.aerospaceclustersweden.com\/core\/wp-json\/wp\/v2\/pages"}],"about":[{"href":"https:\/\/oldwww.aerospaceclustersweden.com\/core\/wp-json\/wp\/v2\/types\/page"}],"author":[{"embeddable":true,"href":"https:\/\/oldwww.aerospaceclustersweden.com\/core\/wp-json\/wp\/v2\/users\/1"}],"replies":[{"embeddable":true,"href":"https:\/\/oldwww.aerospaceclustersweden.com\/core\/wp-json\/wp\/v2\/comments?post=108"}],"version-history":[{"count":7,"href":"https:\/\/oldwww.aerospaceclustersweden.com\/core\/wp-json\/wp\/v2\/pages\/108\/revisions"}],"predecessor-version":[{"id":3726,"href":"https:\/\/oldwww.aerospaceclustersweden.com\/core\/wp-json\/wp\/v2\/pages\/108\/revisions\/3726"}],"wp:attachment":[{"href":"https:\/\/oldwww.aerospaceclustersweden.com\/core\/wp-json\/wp\/v2\/media?parent=108"}],"curies":[{"name":"wp","href":"https:\/\/api.w.org\/{rel}","templated":true}]}}